{"id":779,"date":"2022-10-21T13:46:11","date_gmt":"2022-10-21T16:46:11","guid":{"rendered":"http:\/\/www.pamautomacao.com.br\/wp\/?post_type=product&#038;p=779"},"modified":"2026-01-03T08:22:57","modified_gmt":"2026-01-03T11:22:57","slug":"bobinas-termicas","status":"publish","type":"product","link":"https:\/\/www.pamautomacao.com.br\/wp\/produto\/bobinas-termicas\/","title":{"rendered":"Bobinas t\u00e9rmicas"},"content":{"rendered":"<p>As bobinas t\u00e9rmicas utilizam o papel t\u00e9rmico para imprimir em diferentes m\u00e1quinas e para os mais diversos prop\u00f3sitos. Sua impress\u00e3o funciona por meio do calor, sem a necessidade de tinta ou ribbon. Estas podem ser \u00fateis para impress\u00e3o em recibos, cupons fiscais, controles de seguran\u00e7a, tickets e outras finalidades.<\/p>\n<p>Sua fun\u00e7\u00e3o \u00e9 imprimir pelo m\u00e9todo t\u00e9rmico-direto. A impress\u00e3o neste tipo de bobina \u00e9 feita com o calor do cabe\u00e7ote, n\u00e3o h\u00e1 a necessidade do uso de tinta.<\/p>\n<p><strong>Ficha T\u00e9cnica<\/strong><\/p>\n<p><img decoding=\"async\" class=\"alignnone wp-image-834 \" src=\"http:\/\/www.pamautomacao.com.br\/wp\/wp-content\/uploads\/2022\/10\/FichaTecnica_Bobina.png\" alt=\"\" width=\"402\" height=\"73\" srcset=\"https:\/\/www.pamautomacao.com.br\/wp\/wp-content\/uploads\/2022\/10\/FichaTecnica_Bobina.png 671w, https:\/\/www.pamautomacao.com.br\/wp\/wp-content\/uploads\/2022\/10\/FichaTecnica_Bobina-300x55.png 300w, https:\/\/www.pamautomacao.com.br\/wp\/wp-content\/uploads\/2022\/10\/FichaTecnica_Bobina-600x109.png 600w\" sizes=\"(max-width: 402px) 100vw, 402px\" \/><\/p>\n<p><strong>Utiliza\u00e7\u00e3o<\/strong><\/p>\n<p><img fetchpriority=\"high\" decoding=\"async\" class=\"alignnone wp-image-861 \" src=\"http:\/\/www.pamautomacao.com.br\/wp\/wp-content\/uploads\/2022\/10\/gUtilizacao.png\" alt=\"\" width=\"659\" height=\"150\" srcset=\"https:\/\/www.pamautomacao.com.br\/wp\/wp-content\/uploads\/2022\/10\/gUtilizacao.png 866w, https:\/\/www.pamautomacao.com.br\/wp\/wp-content\/uploads\/2022\/10\/gUtilizacao-300x68.png 300w, https:\/\/www.pamautomacao.com.br\/wp\/wp-content\/uploads\/2022\/10\/gUtilizacao-768x175.png 768w, https:\/\/www.pamautomacao.com.br\/wp\/wp-content\/uploads\/2022\/10\/gUtilizacao-600x136.png 600w\" sizes=\"(max-width: 659px) 100vw, 659px\" \/><\/p>\n","protected":false},"excerpt":{"rendered":"<p>As bobinas t\u00e9rmicas PAM s\u00e3o a solu\u00e7\u00e3o eficaz para o processo de automa\u00e7\u00e3o do seu neg\u00f3cio. Imprime com precis\u00e3o os comprovantes fiscais, com a qualidade garantida atrav\u00e9s das normas e certifica\u00e7\u00f5es que a PAM AUTOMA\u00c7\u00c3O COMERCIAL possui.Os equipamentos utilizados na produ\u00e7\u00e3o das bobinas t\u00e9rmicas possuem controle de metragem e regulagem de tens\u00e3o no rebobinamento, proporcionando um produto com excelente acabamento.<\/p>\n","protected":false},"featured_media":835,"comment_status":"open","ping_status":"closed","template":"","meta":{"site-sidebar-layout":"default","site-content-layout":"default","ast-global-header-display":"","ast-main-header-display":"","ast-hfb-above-header-display":"","ast-hfb-below-header-display":"","ast-hfb-mobile-header-display":"","site-post-title":"","ast-breadcrumbs-content":"","ast-featured-img":"","footer-sml-layout":"","theme-transparent-header-meta":"default","adv-header-id-meta":"","stick-header-meta":"","header-above-stick-meta":"","header-main-stick-meta":"","header-below-stick-meta":""},"product_cat":[36],"product_tag":[],"_links":{"self":[{"href":"https:\/\/www.pamautomacao.com.br\/wp\/wp-json\/wp\/v2\/product\/779"}],"collection":[{"href":"https:\/\/www.pamautomacao.com.br\/wp\/wp-json\/wp\/v2\/product"}],"about":[{"href":"https:\/\/www.pamautomacao.com.br\/wp\/wp-json\/wp\/v2\/types\/product"}],"replies":[{"embeddable":true,"href":"https:\/\/www.pamautomacao.com.br\/wp\/wp-json\/wp\/v2\/comments?post=779"}],"wp:featuredmedia":[{"embeddable":true,"href":"https:\/\/www.pamautomacao.com.br\/wp\/wp-json\/wp\/v2\/media\/835"}],"wp:attachment":[{"href":"https:\/\/www.pamautomacao.com.br\/wp\/wp-json\/wp\/v2\/media?parent=779"}],"wp:term":[{"taxonomy":"product_cat","embeddable":true,"href":"https:\/\/www.pamautomacao.com.br\/wp\/wp-json\/wp\/v2\/product_cat?post=779"},{"taxonomy":"product_tag","embeddable":true,"href":"https:\/\/www.pamautomacao.com.br\/wp\/wp-json\/wp\/v2\/product_tag?post=779"}],"curies":[{"name":"wp","href":"https:\/\/api.w.org\/{rel}","templated":true}]}}